{"id":7309,"date":"2010-06-26T14:39:53","date_gmt":"2010-06-26T12:39:53","guid":{"rendered":"http:\/\/www.tribur.de\/blog\/?page_id=7309"},"modified":"2014-01-02T22:37:57","modified_gmt":"2014-01-02T21:37:57","slug":"besucher-der-pfalz","status":"publish","type":"page","link":"https:\/\/www.tribur.de\/blog\/historisches\/besucher-der-pfalz\/","title":{"rendered":"Besucher der Pfalz"},"content":{"rendered":"<div>\n<div><strong>Besucher der Pfalz Tribur<\/strong><\/div>\n<p>Hier finden Sie eine Liste der k\u00f6niglichen Besucher der Pfalz Tribur. die entsprechenden Vorg\u00e4nge sind hinter dem Datum zu finden. Als Quellen dienten die Regesta Imperii und die Monumenta Germaniae Historica, sowie die Jahrb\u00fccher des Reiches<\/p>\n<div><strong><span style=\"text-decoration: underline;\">Ludwig der Fromme<\/span><\/strong><strong>:<\/strong><\/div>\n<ul>\n<li><strong>30. Oktober 829<\/strong>Nachdem Ludwig sich in Worms aufhielt kam er nach Trebur und fertigte hier die \u201eUrkunde von Carcasonne\u201c und begab sich dann zur Herbstjagd nach Frankfurt. Es ist aber m\u00f6glich das Ludwig bereits vorher in Frankfurt war und Trebur dann w\u00e4hren der Jagd erreichte<\/li>\n<li><strong>19. April 832 <\/strong>Von Mainz zieht ein starkes Heer aus Franken und Sachsen unter der F\u00fchrung Ludwigs des Frommen und Begleitung Karl des Kahlen auf. \u00dcberquert den Rhein und Main und lagert bei Trebur (circa Triburim villa). Abgesehen hat es das Heer auf den Sohn Ludwigs des Frommen, Ludwig dern Deutschen, wie er sp\u00e4ter genannt wird, den selbst ernannten K\u00f6nig von Baiern. Dieser lagert zur Zeit s\u00fcdlich bei Lampertheim (zwischen Worms und Lorsch) und wartet auf Verst\u00e4rkung die aber nicht eintrifft woraufhin er sich nach Baiern zur\u00fcckzieht, immer mit den Truppen des Vaters im Nacken.<\/li>\n<li><strong>nach 7. Januar 839 <\/strong>Nach dem Ludwig den Rhein mit Schiffen \u00fcberquert, lagert er in Trebur um das Heer zu sammeln<\/li>\n<\/ul>\n<\/div>\n<div><strong><span style=\"text-decoration: underline;\">Ludwig II. der Deutsche:<\/span><\/strong><\/div>\n<ul>\n<li><strong>6.-14. Juni 849<\/strong> Nach einem Treffen mit seinem Bruder Karl zeichnet Ludwig mehrere Urkunden in Trebur<\/li>\n<li><strong>12. April 870<\/strong> Ludwig best\u00e4tigt der Abtei Pr\u00fcm einige Besitzungen Glena und Windesheim<\/li>\n<li><strong>Mai &#8211; 15. Juni 871<\/strong> Ludwig wartet auf seine S\u00f6hne um die Reichsteilung zu kl\u00e4ren. Diese erscheinen jedoch nicht<\/li>\n<li><strong>4. M\u00e4rz 874<\/strong> Ludwig schenkt dem Kloster Stablo einen Hof und best\u00e4tigt der Marienkapelle Frankfurt (die Pfalzkapelle und sp\u00e4terer Dom) eine Schenkung<\/li>\n<li><strong>1. Juni 875<\/strong> Es findet eine allgemeine Reichsversammlung statt bei der Ludwig der Deutsche sich auch mit seinen S\u00f6hnen trifft um einen Streit zu schlichten. Die Schlichtung mu\u00df jedoch unterbrochen werden, da ein Streit zwischen den anwesenden Franken und Sachsen entbrennt, der, wenn Ludwig nicht eingegriffen h\u00e4tte, zu einem blutigen Kampf gef\u00fchrt haben k\u00f6nnte.<\/li>\n<li><strong>11-12. August 875<\/strong> Ludwig zeichnet mehrere Urkunden. Ebenfalls anwesend sind seine S\u00f6hne . Als Karl der Kahle vom Tod Kaiser Ludwig II. von Italien erf\u00e4hrt bereitet er einen Zug gen Italien vor und schickt seinen Sohn Ludwig mit Truppen nach Italien<\/li>\n<\/ul>\n<div><strong><span style=\"text-decoration: underline;\">Ludwig III.<\/span><\/strong><\/div>\n<ul>\n<li><strong>15. M\u00e4rz 877<\/strong> Ludwig best\u00e4tigt dem Kloster Inden die villa Gressenich<\/li>\n<li><strong>13. Juni 87<\/strong>7 Ludwig nimmt das Kloster Kaiserwerth in seinen Schutz und verleiht ihm Immunit\u00e4t<\/li>\n<\/ul>\n<div><strong><span style=\"text-decoration: underline;\">Karl III.<\/span><\/strong><\/div>\n<ul>\n<li><strong>September 882 <\/strong>L\u00e4ngerer Aufenthalt ohne gr\u00f6\u00dfere Handlungen<\/li>\n<li><strong>11. November 887<\/strong> Karl erscheint zu einer Allgemeinen Reichsversammlung. Die Gro\u00dfen des Reiches fallen von ihm ab, als sich das Erscheinen Arnulfs ank\u00fcndigt<\/li>\n<\/ul>\n<div><strong> <\/strong><span style=\"text-decoration: underline;\"><br \/>\n<\/span> <strong><span style=\"text-decoration: underline;\">Arnulf von K\u00e4rnten<\/span><\/strong><\/div>\n<ul>\n<li><strong>01. August 888<\/strong> Arnulf best\u00e4tigt dem Bischof Chadolt von Novara den ihm von Karl III. auf Lebenszeit verliehenen Hof Erchingen im Thurgau mit der Bestimmung, dass er nach dessen Tod an das Kloster Reichenau falle<\/li>\n<li><strong>5.\/14. Mai 895<\/strong> Synode und Reichsversammlung. Neben Arnulf und seinem Gefolge sind 27 oder 22 Bisch\u00f6fe anwesend. Die Beschl\u00fcsse behandeln germanisches und Kirchenrecht: Missachtung des Kirchenbanns, Misshandlung und Mord an Geistlichen, Begr\u00e4bnisse, Eherecht, Unzucht, fahrl\u00e4ssige T\u00f6tung, vors\u00e4tzlicher Todschlag usw.<\/li>\n<li><strong>14. Juli 897<\/strong> Allgemeine Reichsversammlung.\u00a0Arnulf schenkt dem Diokter Land im Ausgau, das fr\u00fcher dem Graf Berthold zu Lehen hatte, zu freiem Eigen<\/li>\n<\/ul>\n<div><span style=\"text-decoration: underline;\"><br \/>\n<\/span> <strong><span style=\"text-decoration: underline;\">Ludwig IV. das Kind<\/span><\/strong><\/div>\n<ul>\n<li><strong>8. &#8211; 12.Oktober 900<\/strong> Ludwig schenkt dem M\u00f6nch Wenilo auf Bitten Hattos Land in Brunheim und Godramstein und nimmt das Kloster Corvey unter seinen Schutz<\/li>\n<li><strong>8. Mai 901<\/strong> <a href=\"https:\/\/www.tribur.de\/blog\/?p=17692\" target=\"_blank\">Text hier<\/a><\/li>\n<li><strong>6.-7.August 902<\/strong> Ludwig tauscht mit Bischof Salomon mehrere Krong\u00fcter und best\u00e4tigt auf bitten Hattos dem Bistum Halberstadt seinen Besitz und Immunit\u00e4t<\/li>\n<li><strong>26.November904<\/strong> Auf wunsch von Bischof Stephan von Tongern schenkt Ludwig einem der M\u00f6nsche Stephans die villa Fraxinum<\/li>\n<li><strong>29.Juni-August 906<\/strong> Ludwig best\u00e4tigt nach dem Rat von Bischof Hatto dem Kloster Fulda die Schenkungen seines Vaters. Es findet eine Allgemeine Reichsversammlung statt in der sich Adalbert von Babenberg wegen Landfriedensbruch verantworten muss. Er wird sp\u00e4ter enthauptet.<\/li>\n<li><strong>22.Oktober 907<\/strong> Ludwig schenkt dem M\u00f6nch Sigolf auf bitten Hattos Land in Dienheim<\/li>\n<li><strong>9. Juli 908<\/strong> Ludwig schenkt dem Kaplan des Herzogs Purchard das Krongut Wallrabs<\/li>\n<li><strong>5.Oktober 908<\/strong> Ludwig verleiht dem Kloster Hersfeld das Recht der freien Abtswahl<\/li>\n<li><strong>6.April 910<\/strong> Hatto \u00fcbergibt in Anwesenheit Ludwigs seine Besitzungen in Massenheim, Wickers, Raunheim und Gro\u00df-Gerau an die Grafen Gebehard und Chuonrad<\/li>\n<\/ul>\n<div>\n<p><strong><span style=\"text-decoration: underline;\">Konrad I.<\/span><\/strong><\/p>\n<ul>\n<li><strong>23. August 912<\/strong> Konrad schenkt dem M\u00f6nch Sigolf von Heiligenberg 6 Hufen Land in Handschuhsheim, welches nach seinem Tod an das Kloster Lorsch f\u00e4llt<\/li>\n<li><strong>16. Juni 913<\/strong> Der Priester Guntbald erh\u00e4lt zwei Kirchen, eine in Breidenbach , eine in Muffendorf. Konrads Anwesenheit wird nicht ausdr\u00fccklich erw\u00e4hnt, ist aber wahrscheinlich da die Urkunde die f\u00fcr K\u00f6nigsurkunden \u00fcbliche Datierung aufweist.<\/li>\n<\/ul>\n<p><strong><span style=\"text-decoration: underline;\">Otto I.<\/span><\/strong><\/p>\n<ul>\n<li><strong>7. Oktober 972<\/strong> Otto schenkt seiner Nichte, der \u00c4btissin von Gandersheim auf F\u00fcrsprache seiner Gemahlin Adelheid, das Gut des verstorbenen Grafen Eberhard zu zu Bolzhausen und Oellingen<\/li>\n<\/ul>\n<p><strong><span style=\"text-decoration: underline;\">Otto II.<\/span><\/strong><\/p>\n<ul>\n<li><strong>30. Juni 973 <\/strong>Otto schenkt \u00fcber Intervention seiner Mutter Adelheid und des Herzogs Heinrich von Baiern dem Bischof Abraham von Freising Besitzungen in Krain<\/li>\n<li><strong>12. Mai 975 <\/strong>Otto schenkt der Kirche des hl. Petrus zu Boppard drei K\u00f6nigshufen mit Zubeh\u00f6r in Kratzenburg<\/li>\n<li><strong>21. Januar 976<\/strong> Otto schenkt auf Intervention seiner Gemahlin Theophanu seinem Getreuen Biso Besitzungen im Speiergau und Wormsfeld<\/li>\n<li><strong>28. April 980<\/strong> Otto schenkt dem Herzog von K\u00e4rnten und Verona 5 K\u00f6nigshufen und einen Weinberg in K\u00e4rnten<\/li>\n<li><strong>8.-11. Oktober 980<\/strong> Otto schenkt der Salvatorkapelle zu Frankfurt f\u00fcr das Seelenheil seiner Tochter die Kapelle der heiligen Mercellinus und Petrus mit allem Zubeh\u00f6r und dem Kleriker Otmar<\/li>\n<\/ul>\n<p><strong><span style=\"text-decoration: underline;\">Otto III.<\/span><\/strong><span style=\"text-decoration: underline;\"><br \/>\n<\/span><\/p>\n<ul>\n<li><strong>21. April 1000 <\/strong><\/li>\n<li><strong>29.-31.Mai 1000 <\/strong><\/li>\n<\/ul>\n<p><strong><span style=\"text-decoration: underline;\">Heinrich II.<\/span><\/strong><span style=\"text-decoration: underline;\"><br \/>\n<\/span><\/p>\n<ul>\n<li><strong>11. Mai 1008 <\/strong><\/li>\n<li><strong>10. April 1011 <\/strong><\/li>\n<li><strong>18. Juli 1011 <\/strong><\/li>\n<li><strong>10. Juni 1020 <\/strong><\/li>\n<li><strong>2.-13. Dezember 1023 <\/strong><\/li>\n<\/ul>\n<p><strong><span style=\"text-decoration: underline;\">Konrad II.<\/span><\/strong><span style=\"text-decoration: underline;\"><br \/>\n<\/span><\/p>\n<ul>\n<li><strong>20. Mai 1025 <\/strong><\/li>\n<li><strong>26. Juli 1025 <\/strong><\/li>\n<li><strong>4. Dezember 1025 <\/strong><\/li>\n<li><strong>19.-23. Oktober 1027 <\/strong><\/li>\n<li><strong>9. Mai 1036 <\/strong><\/li>\n<\/ul>\n<p><strong><span style=\"text-decoration: underline;\">Heinrich III.<\/span><\/strong><span style=\"text-decoration: underline;\"><br \/>\n<\/span><\/p>\n<ul>\n<li><strong>2.-4. Juli 1040 <\/strong><\/li>\n<li><strong>Oktober 1052 <\/strong><\/li>\n<li><strong>Oktober-November 1053 <\/strong> Wahl Heinrich IV. zum K\u00f6nig<\/li>\n<\/ul>\n<p><strong><span style=\"text-decoration: underline;\">Heinrich IV.<\/span><\/strong><span style=\"text-decoration: underline;\"><br \/>\n<\/span><\/p>\n<ul>\n<li><strong>16.-20. August 1057 <\/strong><\/li>\n<li><strong>13.-17. Januar 1064 <\/strong><\/li>\n<li><strong>7.-8. August 1065 <\/strong><\/li>\n<li><strong>Januar 1066 <\/strong> Heinrich wird gezwungen Adalbert von Bremen abzusetzten,der Lorscher Abt Udalrich marschiert als Machtdemonstration mit 1200 Mann in Trebur ein. <a href=\"https:\/\/www.tribur.de\/blog\/2012\/10\/02\/aufenthalt-im-januar-1066-machtdemonstration\/\">Info hier<\/a><\/li>\n<li><strong>13. Juli 1066 <\/strong>Feierlichkeiten zur Hochzeit mit Bertha von Savoyen, nachdem die Hochzeit in W\u00fcrzburg stattfand<\/li>\n<li><strong>15. August 1069 <\/strong><\/li>\n<li><strong>August 1073 <\/strong><\/li>\n<\/ul>\n<p><strong><span style=\"text-decoration: underline;\">Rudolf von Rheinfelden<\/span><\/strong><span style=\"text-decoration: underline;\"><br \/>\n<\/span><\/p>\n<ul>\n<li><strong>M\u00e4rz 1077 <\/strong><\/li>\n<\/ul>\n<p><strong><span style=\"text-decoration: underline;\">Papst Leo IX<\/span><\/strong><\/p>\n<\/div>\n","protected":false},"excerpt":{"rendered":"<p>Besucher der Pfalz Tribur Hier finden Sie eine Liste der k\u00f6niglichen Besucher der Pfalz Tribur. die entsprechenden Vorg\u00e4nge sind hinter dem Datum zu finden. Als Quellen dienten die Regesta Imperii und die Monumenta Germaniae&#46;&#46;&#46;<\/p>\n","protected":false},"author":2,"featured_media":0,"parent":7284,"menu_order":1,"comment_status":"open","ping_status":"open","template":"","meta":{"jetpack_post_was_ever_published":false,"footnotes":""},"class_list":["post-7309","page","type-page","status-publish","hentry"],"yoast_head":"<!-- This site is optimized with the Yoast SEO plugin v27.3 - https:\/\/yoast.com\/product\/yoast-seo-wordpress\/ -->\n<title>Besucher der Pfalz - Tribur.de<\/title>\n<meta name=\"robots\" content=\"index, follow, max-snippet:-1, max-image-preview:large, max-video-preview:-1\" \/>\n<link rel=\"canonical\" href=\"https:\/\/www.tribur.de\/blog\/historisches\/besucher-der-pfalz\/\" \/>\n<meta property=\"og:locale\" content=\"de_DE\" \/>\n<meta property=\"og:type\" content=\"article\" \/>\n<meta property=\"og:title\" content=\"Besucher der Pfalz - Tribur.de\" \/>\n<meta property=\"og:description\" content=\"Besucher der Pfalz Tribur Hier finden Sie eine Liste der k\u00f6niglichen Besucher der Pfalz Tribur. die entsprechenden Vorg\u00e4nge sind hinter dem Datum zu finden. Als Quellen dienten die Regesta Imperii und die Monumenta Germaniae&#046;&#046;&#046;\" \/>\n<meta property=\"og:url\" content=\"https:\/\/www.tribur.de\/blog\/historisches\/besucher-der-pfalz\/\" \/>\n<meta property=\"og:site_name\" content=\"Tribur.de\" \/>\n<meta property=\"article:publisher\" content=\"http:\/\/www.facebook.com\/pages\/Triburde\/184352328288771\" \/>\n<meta property=\"article:modified_time\" content=\"2014-01-02T21:37:57+00:00\" \/>\n<meta property=\"og:image\" content=\"https:\/\/i0.wp.com\/www.tribur.de\/blog\/wp-content\/uploads\/2018\/09\/cropped-logotest-2.jpg?fit=200%2C200&ssl=1\" \/>\n\t<meta property=\"og:image:width\" content=\"200\" \/>\n\t<meta property=\"og:image:height\" content=\"200\" \/>\n\t<meta property=\"og:image:type\" content=\"image\/jpeg\" \/>\n<meta name=\"twitter:card\" content=\"summary_large_image\" \/>\n<meta name=\"twitter:site\" content=\"@tribur\" \/>\n<meta name=\"twitter:label1\" content=\"Gesch\u00e4tzte Lesezeit\" \/>\n\t<meta name=\"twitter:data1\" content=\"5\u00a0Minuten\" \/>\n<script type=\"application\/ld+json\" class=\"yoast-schema-graph\">{\"@context\":\"https:\\\/\\\/schema.org\",\"@graph\":[{\"@type\":\"WebPage\",\"@id\":\"https:\\\/\\\/www.tribur.de\\\/blog\\\/historisches\\\/besucher-der-pfalz\\\/\",\"url\":\"https:\\\/\\\/www.tribur.de\\\/blog\\\/historisches\\\/besucher-der-pfalz\\\/\",\"name\":\"Besucher der Pfalz - Tribur.de\",\"isPartOf\":{\"@id\":\"https:\\\/\\\/www.tribur.de\\\/blog\\\/#website\"},\"datePublished\":\"2010-06-26T12:39:53+00:00\",\"dateModified\":\"2014-01-02T21:37:57+00:00\",\"breadcrumb\":{\"@id\":\"https:\\\/\\\/www.tribur.de\\\/blog\\\/historisches\\\/besucher-der-pfalz\\\/#breadcrumb\"},\"inLanguage\":\"de\",\"potentialAction\":[{\"@type\":\"ReadAction\",\"target\":[\"https:\\\/\\\/www.tribur.de\\\/blog\\\/historisches\\\/besucher-der-pfalz\\\/\"]}]},{\"@type\":\"BreadcrumbList\",\"@id\":\"https:\\\/\\\/www.tribur.de\\\/blog\\\/historisches\\\/besucher-der-pfalz\\\/#breadcrumb\",\"itemListElement\":[{\"@type\":\"ListItem\",\"position\":1,\"name\":\"Home\",\"item\":\"https:\\\/\\\/www.tribur.de\\\/blog\\\/\"},{\"@type\":\"ListItem\",\"position\":2,\"name\":\"Historisches\",\"item\":\"https:\\\/\\\/www.tribur.de\\\/blog\\\/historisches\\\/\"},{\"@type\":\"ListItem\",\"position\":3,\"name\":\"Besucher der Pfalz\"}]},{\"@type\":\"WebSite\",\"@id\":\"https:\\\/\\\/www.tribur.de\\\/blog\\\/#website\",\"url\":\"https:\\\/\\\/www.tribur.de\\\/blog\\\/\",\"name\":\"Tribur.de\",\"description\":\"Tribur.de - Geschichte und so Zeugs\",\"publisher\":{\"@id\":\"https:\\\/\\\/www.tribur.de\\\/blog\\\/#\\\/schema\\\/person\\\/3119997f09f43791809c2d1af27bba6c\"},\"potentialAction\":[{\"@type\":\"SearchAction\",\"target\":{\"@type\":\"EntryPoint\",\"urlTemplate\":\"https:\\\/\\\/www.tribur.de\\\/blog\\\/?s={search_term_string}\"},\"query-input\":{\"@type\":\"PropertyValueSpecification\",\"valueRequired\":true,\"valueName\":\"search_term_string\"}}],\"inLanguage\":\"de\"},{\"@type\":[\"Person\",\"Organization\"],\"@id\":\"https:\\\/\\\/www.tribur.de\\\/blog\\\/#\\\/schema\\\/person\\\/3119997f09f43791809c2d1af27bba6c\",\"name\":\"Markus Zwittmeier\",\"image\":{\"@type\":\"ImageObject\",\"inLanguage\":\"de\",\"@id\":\"https:\\\/\\\/i0.wp.com\\\/www.tribur.de\\\/blog\\\/wp-content\\\/uploads\\\/2018\\\/09\\\/cropped-logotest-4.jpg?fit=200%2C200&ssl=1\",\"url\":\"https:\\\/\\\/i0.wp.com\\\/www.tribur.de\\\/blog\\\/wp-content\\\/uploads\\\/2018\\\/09\\\/cropped-logotest-4.jpg?fit=200%2C200&ssl=1\",\"contentUrl\":\"https:\\\/\\\/i0.wp.com\\\/www.tribur.de\\\/blog\\\/wp-content\\\/uploads\\\/2018\\\/09\\\/cropped-logotest-4.jpg?fit=200%2C200&ssl=1\",\"width\":200,\"height\":200,\"caption\":\"Markus Zwittmeier\"},\"logo\":{\"@id\":\"https:\\\/\\\/i0.wp.com\\\/www.tribur.de\\\/blog\\\/wp-content\\\/uploads\\\/2018\\\/09\\\/cropped-logotest-4.jpg?fit=200%2C200&ssl=1\"},\"sameAs\":[\"http:\\\/\\\/www.Tribur.de\",\"http:\\\/\\\/www.facebook.com\\\/pages\\\/Triburde\\\/184352328288771\",\"https:\\\/\\\/www.instagram.com\\\/tribur.de\\\/\",\"https:\\\/\\\/x.com\\\/https:\\\/\\\/twitter.com\\\/tribur\",\"https:\\\/\\\/www.youtube.com\\\/channel\\\/UCnEonou-x6_P4XPjBk2htCA\"]}]}<\/script>\n<!-- \/ Yoast SEO plugin. -->","yoast_head_json":{"title":"Besucher der Pfalz - Tribur.de","robots":{"index":"index","follow":"follow","max-snippet":"max-snippet:-1","max-image-preview":"max-image-preview:large","max-video-preview":"max-video-preview:-1"},"canonical":"https:\/\/www.tribur.de\/blog\/historisches\/besucher-der-pfalz\/","og_locale":"de_DE","og_type":"article","og_title":"Besucher der Pfalz - Tribur.de","og_description":"Besucher der Pfalz Tribur Hier finden Sie eine Liste der k\u00f6niglichen Besucher der Pfalz Tribur. die entsprechenden Vorg\u00e4nge sind hinter dem Datum zu finden. Als Quellen dienten die Regesta Imperii und die Monumenta Germaniae&#46;&#46;&#46;","og_url":"https:\/\/www.tribur.de\/blog\/historisches\/besucher-der-pfalz\/","og_site_name":"Tribur.de","article_publisher":"http:\/\/www.facebook.com\/pages\/Triburde\/184352328288771","article_modified_time":"2014-01-02T21:37:57+00:00","og_image":[{"width":200,"height":200,"url":"https:\/\/i0.wp.com\/www.tribur.de\/blog\/wp-content\/uploads\/2018\/09\/cropped-logotest-2.jpg?fit=200%2C200&ssl=1","type":"image\/jpeg"}],"twitter_card":"summary_large_image","twitter_site":"@tribur","twitter_misc":{"Gesch\u00e4tzte Lesezeit":"5\u00a0Minuten"},"schema":{"@context":"https:\/\/schema.org","@graph":[{"@type":"WebPage","@id":"https:\/\/www.tribur.de\/blog\/historisches\/besucher-der-pfalz\/","url":"https:\/\/www.tribur.de\/blog\/historisches\/besucher-der-pfalz\/","name":"Besucher der Pfalz - Tribur.de","isPartOf":{"@id":"https:\/\/www.tribur.de\/blog\/#website"},"datePublished":"2010-06-26T12:39:53+00:00","dateModified":"2014-01-02T21:37:57+00:00","breadcrumb":{"@id":"https:\/\/www.tribur.de\/blog\/historisches\/besucher-der-pfalz\/#breadcrumb"},"inLanguage":"de","potentialAction":[{"@type":"ReadAction","target":["https:\/\/www.tribur.de\/blog\/historisches\/besucher-der-pfalz\/"]}]},{"@type":"BreadcrumbList","@id":"https:\/\/www.tribur.de\/blog\/historisches\/besucher-der-pfalz\/#breadcrumb","itemListElement":[{"@type":"ListItem","position":1,"name":"Home","item":"https:\/\/www.tribur.de\/blog\/"},{"@type":"ListItem","position":2,"name":"Historisches","item":"https:\/\/www.tribur.de\/blog\/historisches\/"},{"@type":"ListItem","position":3,"name":"Besucher der Pfalz"}]},{"@type":"WebSite","@id":"https:\/\/www.tribur.de\/blog\/#website","url":"https:\/\/www.tribur.de\/blog\/","name":"Tribur.de","description":"Tribur.de - Geschichte und so Zeugs","publisher":{"@id":"https:\/\/www.tribur.de\/blog\/#\/schema\/person\/3119997f09f43791809c2d1af27bba6c"},"potentialAction":[{"@type":"SearchAction","target":{"@type":"EntryPoint","urlTemplate":"https:\/\/www.tribur.de\/blog\/?s={search_term_string}"},"query-input":{"@type":"PropertyValueSpecification","valueRequired":true,"valueName":"search_term_string"}}],"inLanguage":"de"},{"@type":["Person","Organization"],"@id":"https:\/\/www.tribur.de\/blog\/#\/schema\/person\/3119997f09f43791809c2d1af27bba6c","name":"Markus Zwittmeier","image":{"@type":"ImageObject","inLanguage":"de","@id":"https:\/\/i0.wp.com\/www.tribur.de\/blog\/wp-content\/uploads\/2018\/09\/cropped-logotest-4.jpg?fit=200%2C200&ssl=1","url":"https:\/\/i0.wp.com\/www.tribur.de\/blog\/wp-content\/uploads\/2018\/09\/cropped-logotest-4.jpg?fit=200%2C200&ssl=1","contentUrl":"https:\/\/i0.wp.com\/www.tribur.de\/blog\/wp-content\/uploads\/2018\/09\/cropped-logotest-4.jpg?fit=200%2C200&ssl=1","width":200,"height":200,"caption":"Markus Zwittmeier"},"logo":{"@id":"https:\/\/i0.wp.com\/www.tribur.de\/blog\/wp-content\/uploads\/2018\/09\/cropped-logotest-4.jpg?fit=200%2C200&ssl=1"},"sameAs":["http:\/\/www.Tribur.de","http:\/\/www.facebook.com\/pages\/Triburde\/184352328288771","https:\/\/www.instagram.com\/tribur.de\/","https:\/\/x.com\/https:\/\/twitter.com\/tribur","https:\/\/www.youtube.com\/channel\/UCnEonou-x6_P4XPjBk2htCA"]}]}},"jetpack_shortlink":"https:\/\/wp.me\/P1mHPu-1TT","jetpack_sharing_enabled":true,"_links":{"self":[{"href":"https:\/\/www.tribur.de\/blog\/wp-json\/wp\/v2\/pages\/7309","targetHints":{"allow":["GET"]}}],"collection":[{"href":"https:\/\/www.tribur.de\/blog\/wp-json\/wp\/v2\/pages"}],"about":[{"href":"https:\/\/www.tribur.de\/blog\/wp-json\/wp\/v2\/types\/page"}],"author":[{"embeddable":true,"href":"https:\/\/www.tribur.de\/blog\/wp-json\/wp\/v2\/users\/2"}],"replies":[{"embeddable":true,"href":"https:\/\/www.tribur.de\/blog\/wp-json\/wp\/v2\/comments?post=7309"}],"version-history":[{"count":51,"href":"https:\/\/www.tribur.de\/blog\/wp-json\/wp\/v2\/pages\/7309\/revisions"}],"predecessor-version":[{"id":26266,"href":"https:\/\/www.tribur.de\/blog\/wp-json\/wp\/v2\/pages\/7309\/revisions\/26266"}],"up":[{"embeddable":true,"href":"https:\/\/www.tribur.de\/blog\/wp-json\/wp\/v2\/pages\/7284"}],"wp:attachment":[{"href":"https:\/\/www.tribur.de\/blog\/wp-json\/wp\/v2\/media?parent=7309"}],"curies":[{"name":"wp","href":"https:\/\/api.w.org\/{rel}","templated":true}]}}