{"id":7292,"date":"2010-06-26T14:17:58","date_gmt":"2010-06-26T12:17:58","guid":{"rendered":"http:\/\/www.tribur.de\/blog\/?page_id=7292"},"modified":"2022-11-17T20:37:39","modified_gmt":"2022-11-17T19:37:39","slug":"was-sit-eine-pfalz","status":"publish","type":"page","link":"https:\/\/www.tribur.de\/blog\/die-pfalz-tribur\/was-sit-eine-pfalz\/","title":{"rendered":"Der Begriff &#8222;Pfalz&#8220;"},"content":{"rendered":"<p><strong>Der Begriff Pfalz<\/strong> ist aus dem lateinischen Wort <em>palatium<\/em> abgeleitet. Urspr\u00fcnglich bezeichnete es aber nur den einen der 7 H\u00fcgel Roms, den Palatin (<em>mons palatinus<\/em>), auf dem Kaiser Augustus seinen Palast errichten lies . Sp\u00e4ter wurde der Begriff palatium auch auf andere r\u00f6mische Herrschaftszentren wie Ravenna, Mailand und Trier \u00fcbertragen.<\/p>\n<p>Der r\u00f6mischen Konsul Cassius Dio (150-234) berichtet  in seiner  \u201eGeschichte Roms\u201c :<\/p>\n<blockquote><p>Die Residenz des Prinzeps wird Palatium genannt, und zwar nicht, weil es jemals beschlossene worden w\u00e4re, da\u00df sie so genannt werden sollte, sondern weil Augustus auf dem Palatium wohnte und dort sein milit\u00e4risches Hauptquartier hatte, (\u2026) und aus diesem Grunde tr\u00e4gt der Wohnsitz des Prinzeps den Namen Palatium, selbst wenn sich der Prinzeps irgendwo anders aufh\u00e4lt.<\/p><\/blockquote>\n<p>Als im 5. Jahrhundert die Franken in Teilen des ehemaligen Westr\u00f6mischen Reiches die Macht an sich zogen, konnten sie nicht mehr auf die r\u00f6mischen Verwaltungsstrukturen zur\u00fcckgreifen. Zum Erhalt ihrer Macht waren sie gezwungen mit Gefolge und Milit\u00e4r durch das Land zu reisen. Unterkunft und Versorgung erfolgte in Pfalzen oder K\u00f6nigsh\u00f6fen, in denen auch Recht gesprochen und Urkunden unterzeichnet wurden. Durch diese Urkunden sind uns ein Gro\u00dfteil dieser Orte \u00fcberliefert.<\/p>\n<p><em><strong>Palatium<\/strong><\/em><strong>, <\/strong><em><strong>curtis<\/strong><\/em><strong>, <\/strong><em><strong>villa <\/strong><\/em><strong>und <\/strong><em><strong>castrum<\/strong><\/em> sind dabei Namen die f\u00fcr diese Orte  in Urkunden verwendet verwendet werden, aber nur ein kleiner Teil dieser Orte wird als <em>palatium<\/em> bezeichne. Trebur selbst erf\u00e4hrt diesen Titel nur in Urkunden die durch das Kloster Fulda geschrieben wurden. H\u00e4ufiger wird der Begriff <em>villa <\/em>und<em> curtis <\/em>verwendet, was K\u00f6nigshof bedeutet.<em> castrum<\/em> bezeichnet dagegen eine explizit befestigte Anlage. Ein Begriff der nie im Zusammenhang mit Trebur verwendet wurde.<\/p>\n<p>Einige Wissenschaftler gehen davon aus, das diese Begriffe auch die Teile eines ganzen bedeuten k\u00f6nnen. So ist bei \u201e<em>palatium<\/em>\u201c das \u201eK\u00f6nigshaus\u201c zu verstehen, \u201e<em>curtis<\/em>\u201c bezeichnet den Hof, bzw. den Wirtschaftshof und  \u201e<em>villa<\/em>\u201c die Siedlung<\/p>\n<p><strong>Der heutige Begriff Pfalz<\/strong> wird heute daher auch f\u00fcr Anlagen und Orte verwendet, die in Urkunden nicht als <em>palatium <\/em>bezeichnet wurden. Es wird dabei nach Kriterien wie Anzahl, H\u00e4ufigkeit und Bedeutung der Herrscherbesuche aber auch baulicher Ausstattung geurteilt.<\/p>\n<p><strong>K\u00f6nigspfalz oder Kaiserpfalz?<\/strong> \u00dcber die Frage ob es nun Kaiserpfalz oder K\u00f6nigspfalz hei\u00dfen muss, haben sich schon viele Wissenschaftler die K\u00f6pfe zerbrochen, allgemein hat sich jedoch die Bezeichnung K\u00f6nigspfalz durchgesetzt, denn zun\u00e4chst waren die Herrscher fr\u00e4nkische oder deutsche K\u00f6nige. Sie strebten zwar alle den Kaisertitel an, jedoch erreichten nicht alle diesen Status, daher ist bei den Anlagen von K\u00f6nigspfalz zu sprechen. Bei einigen bekannten Anlagen hat sich jedoch der Name Kaiserpfalz als Eigenname durchgesetzt, wie etwa bei der \u201eKaiserpfalz Ingelheim\u201c<\/p>\n","protected":false},"excerpt":{"rendered":"<p>Der Begriff Pfalz ist aus dem lateinischen Wort palatium abgeleitet. Urspr\u00fcnglich bezeichnete es aber nur den einen der 7 H\u00fcgel Roms, den Palatin (mons palatinus), auf dem Kaiser Augustus seinen Palast errichten lies .&#46;&#46;&#46;<\/p>\n","protected":false},"author":2,"featured_media":0,"parent":752,"menu_order":1,"comment_status":"open","ping_status":"open","template":"","meta":{"jetpack_post_was_ever_published":false,"footnotes":""},"class_list":["post-7292","page","type-page","status-publish","hentry"],"yoast_head":"<!-- This site is optimized with the Yoast SEO plugin v27.4 - https:\/\/yoast.com\/product\/yoast-seo-wordpress\/ -->\n<title>Der Begriff &quot;Pfalz&quot; - Tribur.de<\/title>\n<meta name=\"robots\" content=\"index, follow, max-snippet:-1, max-image-preview:large, max-video-preview:-1\" \/>\n<link rel=\"canonical\" href=\"https:\/\/www.tribur.de\/blog\/die-pfalz-tribur\/was-sit-eine-pfalz\/\" \/>\n<meta property=\"og:locale\" content=\"de_DE\" \/>\n<meta property=\"og:type\" content=\"article\" \/>\n<meta property=\"og:title\" content=\"Der Begriff &quot;Pfalz&quot; - Tribur.de\" \/>\n<meta property=\"og:description\" content=\"Der Begriff Pfalz ist aus dem lateinischen Wort palatium abgeleitet. Urspr\u00fcnglich bezeichnete es aber nur den einen der 7 H\u00fcgel Roms, den Palatin (mons palatinus), auf dem Kaiser Augustus seinen Palast errichten lies .&#046;&#046;&#046;\" \/>\n<meta property=\"og:url\" content=\"https:\/\/www.tribur.de\/blog\/die-pfalz-tribur\/was-sit-eine-pfalz\/\" \/>\n<meta property=\"og:site_name\" content=\"Tribur.de\" \/>\n<meta property=\"article:publisher\" content=\"http:\/\/www.facebook.com\/pages\/Triburde\/184352328288771\" \/>\n<meta property=\"article:modified_time\" content=\"2022-11-17T19:37:39+00:00\" \/>\n<meta property=\"og:image\" content=\"https:\/\/i0.wp.com\/www.tribur.de\/blog\/wp-content\/uploads\/2018\/09\/cropped-logotest-2.jpg?fit=200%2C200&ssl=1\" \/>\n\t<meta property=\"og:image:width\" content=\"200\" \/>\n\t<meta property=\"og:image:height\" content=\"200\" \/>\n\t<meta property=\"og:image:type\" content=\"image\/jpeg\" \/>\n<meta name=\"twitter:card\" content=\"summary_large_image\" \/>\n<meta name=\"twitter:site\" content=\"@tribur\" \/>\n<meta name=\"twitter:label1\" content=\"Gesch\u00e4tzte Lesezeit\" \/>\n\t<meta name=\"twitter:data1\" content=\"2\u00a0Minuten\" \/>\n<script type=\"application\/ld+json\" class=\"yoast-schema-graph\">{\"@context\":\"https:\\\/\\\/schema.org\",\"@graph\":[{\"@type\":\"WebPage\",\"@id\":\"https:\\\/\\\/www.tribur.de\\\/blog\\\/die-pfalz-tribur\\\/was-sit-eine-pfalz\\\/\",\"url\":\"https:\\\/\\\/www.tribur.de\\\/blog\\\/die-pfalz-tribur\\\/was-sit-eine-pfalz\\\/\",\"name\":\"Der Begriff \\\"Pfalz\\\" - Tribur.de\",\"isPartOf\":{\"@id\":\"https:\\\/\\\/www.tribur.de\\\/blog\\\/#website\"},\"datePublished\":\"2010-06-26T12:17:58+00:00\",\"dateModified\":\"2022-11-17T19:37:39+00:00\",\"breadcrumb\":{\"@id\":\"https:\\\/\\\/www.tribur.de\\\/blog\\\/die-pfalz-tribur\\\/was-sit-eine-pfalz\\\/#breadcrumb\"},\"inLanguage\":\"de\",\"potentialAction\":[{\"@type\":\"ReadAction\",\"target\":[\"https:\\\/\\\/www.tribur.de\\\/blog\\\/die-pfalz-tribur\\\/was-sit-eine-pfalz\\\/\"]}]},{\"@type\":\"BreadcrumbList\",\"@id\":\"https:\\\/\\\/www.tribur.de\\\/blog\\\/die-pfalz-tribur\\\/was-sit-eine-pfalz\\\/#breadcrumb\",\"itemListElement\":[{\"@type\":\"ListItem\",\"position\":1,\"name\":\"Home\",\"item\":\"https:\\\/\\\/www.tribur.de\\\/blog\\\/\"},{\"@type\":\"ListItem\",\"position\":2,\"name\":\"Die Pfalz Tribur\",\"item\":\"https:\\\/\\\/www.tribur.de\\\/blog\\\/die-pfalz-tribur\\\/\"},{\"@type\":\"ListItem\",\"position\":3,\"name\":\"Der Begriff &#8222;Pfalz&#8220;\"}]},{\"@type\":\"WebSite\",\"@id\":\"https:\\\/\\\/www.tribur.de\\\/blog\\\/#website\",\"url\":\"https:\\\/\\\/www.tribur.de\\\/blog\\\/\",\"name\":\"Tribur.de\",\"description\":\"Tribur.de - Geschichte und so Zeugs\",\"publisher\":{\"@id\":\"https:\\\/\\\/www.tribur.de\\\/blog\\\/#\\\/schema\\\/person\\\/3119997f09f43791809c2d1af27bba6c\"},\"potentialAction\":[{\"@type\":\"SearchAction\",\"target\":{\"@type\":\"EntryPoint\",\"urlTemplate\":\"https:\\\/\\\/www.tribur.de\\\/blog\\\/?s={search_term_string}\"},\"query-input\":{\"@type\":\"PropertyValueSpecification\",\"valueRequired\":true,\"valueName\":\"search_term_string\"}}],\"inLanguage\":\"de\"},{\"@type\":[\"Person\",\"Organization\"],\"@id\":\"https:\\\/\\\/www.tribur.de\\\/blog\\\/#\\\/schema\\\/person\\\/3119997f09f43791809c2d1af27bba6c\",\"name\":\"Markus Zwittmeier\",\"image\":{\"@type\":\"ImageObject\",\"inLanguage\":\"de\",\"@id\":\"https:\\\/\\\/i0.wp.com\\\/www.tribur.de\\\/blog\\\/wp-content\\\/uploads\\\/2018\\\/09\\\/cropped-logotest-4.jpg?fit=200%2C200&ssl=1\",\"url\":\"https:\\\/\\\/i0.wp.com\\\/www.tribur.de\\\/blog\\\/wp-content\\\/uploads\\\/2018\\\/09\\\/cropped-logotest-4.jpg?fit=200%2C200&ssl=1\",\"contentUrl\":\"https:\\\/\\\/i0.wp.com\\\/www.tribur.de\\\/blog\\\/wp-content\\\/uploads\\\/2018\\\/09\\\/cropped-logotest-4.jpg?fit=200%2C200&ssl=1\",\"width\":200,\"height\":200,\"caption\":\"Markus Zwittmeier\"},\"logo\":{\"@id\":\"https:\\\/\\\/i0.wp.com\\\/www.tribur.de\\\/blog\\\/wp-content\\\/uploads\\\/2018\\\/09\\\/cropped-logotest-4.jpg?fit=200%2C200&ssl=1\"},\"sameAs\":[\"http:\\\/\\\/www.Tribur.de\",\"http:\\\/\\\/www.facebook.com\\\/pages\\\/Triburde\\\/184352328288771\",\"https:\\\/\\\/www.instagram.com\\\/tribur.de\\\/\",\"https:\\\/\\\/x.com\\\/https:\\\/\\\/twitter.com\\\/tribur\",\"https:\\\/\\\/www.youtube.com\\\/channel\\\/UCnEonou-x6_P4XPjBk2htCA\"]}]}<\/script>\n<!-- \/ Yoast SEO plugin. -->","yoast_head_json":{"title":"Der Begriff \"Pfalz\" - Tribur.de","robots":{"index":"index","follow":"follow","max-snippet":"max-snippet:-1","max-image-preview":"max-image-preview:large","max-video-preview":"max-video-preview:-1"},"canonical":"https:\/\/www.tribur.de\/blog\/die-pfalz-tribur\/was-sit-eine-pfalz\/","og_locale":"de_DE","og_type":"article","og_title":"Der Begriff \"Pfalz\" - Tribur.de","og_description":"Der Begriff Pfalz ist aus dem lateinischen Wort palatium abgeleitet. Urspr\u00fcnglich bezeichnete es aber nur den einen der 7 H\u00fcgel Roms, den Palatin (mons palatinus), auf dem Kaiser Augustus seinen Palast errichten lies .&#46;&#46;&#46;","og_url":"https:\/\/www.tribur.de\/blog\/die-pfalz-tribur\/was-sit-eine-pfalz\/","og_site_name":"Tribur.de","article_publisher":"http:\/\/www.facebook.com\/pages\/Triburde\/184352328288771","article_modified_time":"2022-11-17T19:37:39+00:00","og_image":[{"width":200,"height":200,"url":"https:\/\/i0.wp.com\/www.tribur.de\/blog\/wp-content\/uploads\/2018\/09\/cropped-logotest-2.jpg?fit=200%2C200&ssl=1","type":"image\/jpeg"}],"twitter_card":"summary_large_image","twitter_site":"@tribur","twitter_misc":{"Gesch\u00e4tzte Lesezeit":"2\u00a0Minuten"},"schema":{"@context":"https:\/\/schema.org","@graph":[{"@type":"WebPage","@id":"https:\/\/www.tribur.de\/blog\/die-pfalz-tribur\/was-sit-eine-pfalz\/","url":"https:\/\/www.tribur.de\/blog\/die-pfalz-tribur\/was-sit-eine-pfalz\/","name":"Der Begriff \"Pfalz\" - Tribur.de","isPartOf":{"@id":"https:\/\/www.tribur.de\/blog\/#website"},"datePublished":"2010-06-26T12:17:58+00:00","dateModified":"2022-11-17T19:37:39+00:00","breadcrumb":{"@id":"https:\/\/www.tribur.de\/blog\/die-pfalz-tribur\/was-sit-eine-pfalz\/#breadcrumb"},"inLanguage":"de","potentialAction":[{"@type":"ReadAction","target":["https:\/\/www.tribur.de\/blog\/die-pfalz-tribur\/was-sit-eine-pfalz\/"]}]},{"@type":"BreadcrumbList","@id":"https:\/\/www.tribur.de\/blog\/die-pfalz-tribur\/was-sit-eine-pfalz\/#breadcrumb","itemListElement":[{"@type":"ListItem","position":1,"name":"Home","item":"https:\/\/www.tribur.de\/blog\/"},{"@type":"ListItem","position":2,"name":"Die Pfalz Tribur","item":"https:\/\/www.tribur.de\/blog\/die-pfalz-tribur\/"},{"@type":"ListItem","position":3,"name":"Der Begriff &#8222;Pfalz&#8220;"}]},{"@type":"WebSite","@id":"https:\/\/www.tribur.de\/blog\/#website","url":"https:\/\/www.tribur.de\/blog\/","name":"Tribur.de","description":"Tribur.de - Geschichte und so Zeugs","publisher":{"@id":"https:\/\/www.tribur.de\/blog\/#\/schema\/person\/3119997f09f43791809c2d1af27bba6c"},"potentialAction":[{"@type":"SearchAction","target":{"@type":"EntryPoint","urlTemplate":"https:\/\/www.tribur.de\/blog\/?s={search_term_string}"},"query-input":{"@type":"PropertyValueSpecification","valueRequired":true,"valueName":"search_term_string"}}],"inLanguage":"de"},{"@type":["Person","Organization"],"@id":"https:\/\/www.tribur.de\/blog\/#\/schema\/person\/3119997f09f43791809c2d1af27bba6c","name":"Markus Zwittmeier","image":{"@type":"ImageObject","inLanguage":"de","@id":"https:\/\/i0.wp.com\/www.tribur.de\/blog\/wp-content\/uploads\/2018\/09\/cropped-logotest-4.jpg?fit=200%2C200&ssl=1","url":"https:\/\/i0.wp.com\/www.tribur.de\/blog\/wp-content\/uploads\/2018\/09\/cropped-logotest-4.jpg?fit=200%2C200&ssl=1","contentUrl":"https:\/\/i0.wp.com\/www.tribur.de\/blog\/wp-content\/uploads\/2018\/09\/cropped-logotest-4.jpg?fit=200%2C200&ssl=1","width":200,"height":200,"caption":"Markus Zwittmeier"},"logo":{"@id":"https:\/\/i0.wp.com\/www.tribur.de\/blog\/wp-content\/uploads\/2018\/09\/cropped-logotest-4.jpg?fit=200%2C200&ssl=1"},"sameAs":["http:\/\/www.Tribur.de","http:\/\/www.facebook.com\/pages\/Triburde\/184352328288771","https:\/\/www.instagram.com\/tribur.de\/","https:\/\/x.com\/https:\/\/twitter.com\/tribur","https:\/\/www.youtube.com\/channel\/UCnEonou-x6_P4XPjBk2htCA"]}]}},"jetpack_shortlink":"https:\/\/wp.me\/P1mHPu-1TC","jetpack_sharing_enabled":true,"_links":{"self":[{"href":"https:\/\/www.tribur.de\/blog\/wp-json\/wp\/v2\/pages\/7292","targetHints":{"allow":["GET"]}}],"collection":[{"href":"https:\/\/www.tribur.de\/blog\/wp-json\/wp\/v2\/pages"}],"about":[{"href":"https:\/\/www.tribur.de\/blog\/wp-json\/wp\/v2\/types\/page"}],"author":[{"embeddable":true,"href":"https:\/\/www.tribur.de\/blog\/wp-json\/wp\/v2\/users\/2"}],"replies":[{"embeddable":true,"href":"https:\/\/www.tribur.de\/blog\/wp-json\/wp\/v2\/comments?post=7292"}],"version-history":[{"count":4,"href":"https:\/\/www.tribur.de\/blog\/wp-json\/wp\/v2\/pages\/7292\/revisions"}],"predecessor-version":[{"id":32851,"href":"https:\/\/www.tribur.de\/blog\/wp-json\/wp\/v2\/pages\/7292\/revisions\/32851"}],"up":[{"embeddable":true,"href":"https:\/\/www.tribur.de\/blog\/wp-json\/wp\/v2\/pages\/752"}],"wp:attachment":[{"href":"https:\/\/www.tribur.de\/blog\/wp-json\/wp\/v2\/media?parent=7292"}],"curies":[{"name":"wp","href":"https:\/\/api.w.org\/{rel}","templated":true}]}}