{"id":14797,"date":"2011-05-26T15:19:54","date_gmt":"2011-05-26T13:19:54","guid":{"rendered":"http:\/\/www.tribur.de\/blog\/?page_id=14797"},"modified":"2012-07-05T22:08:04","modified_gmt":"2012-07-05T20:08:04","slug":"faq-zur-pfalz-tribur","status":"publish","type":"page","link":"https:\/\/www.tribur.de\/blog\/die-pfalz-tribur\/faq-zur-pfalz-tribur\/","title":{"rendered":"FAQ zur Pfalz Tribur"},"content":{"rendered":"<p>Hier die mir h\u00e4ufigst gestellten Fragen zur Pfalz Tribur. Weitere Fragen \u00fcber den Kontakt an mich schicken!<\/p>\n<p>Q:Wo liegt den dieses Trebur, das mal Tribur hie\u00df?<br \/>\nA:Trebur liegt in S\u00fcdhessen, dem hessischen Ried im Kreis Gro\u00dfe Gerau, etwa 30 km s\u00fcd-westlich von Frankfurt am Main<\/p>\n<p>Q: Sieht man noch Reste der Pfalz?<br \/>\nA: Ja, wenn man sie kennt. z.B. Teile der Laurentiuskirche oder Fundament und Apsis der Marienkapelle<\/p>\n<p>Q: Stimmt es das die Laurentiuskirche karolingisch ist?<br \/>\nA: Nein, die sichtbaren, erhaltenen Teile sind ottonisch.<\/p>\n<p>Q: Ist die Laurentiuskirche die Kirche in der Heinrich IV. geheiratet hat!<br \/>\nA: Klares nein! Geheiratet hat Heinrich in W\u00fcrzburg, nur die Feierlichkeiten dazu fanden in Trebur statt.<\/p>\n<p>Q:Kann man die Laurentiuskirche besichtigen?<br \/>\nA: Ja, sie ist t\u00e4glich von 9:00 bis 18:00 Uhr ge\u00f6ffnet, man sollte nur R\u00fccksicht auf Gottesdienste nehmen.<\/p>\n<p>Q: Ist der Burggraben ein Teil der Pfalz gewesen?<br \/>\nA: Nein, der Burggraben ist wie der Ort eine Anlage aus staufischer Zeit.<\/p>\n<p>Q: Gab es Grabungen zur Pfalz in Trebur?<br \/>\nA: Jein, 1934 wurde in der Kirche gegraben, aber unsachgem\u00e4\u00df und 1954 noch mal eine kleine Nachgrabun im Rahmen der Bauuntersuchung der Kirche. Sonst fanden keine Grabungen statt.<\/p>\n<p>Q: Gibt es F\u00fchrungen zur Pfalz Tribur?<br \/>\nA: Ja, am besten bei mir \u00fcber das Kontaktformular im Impressum oder bei www.museum-trebur.de melden.<\/p>\n<p>Q: Gibt es eine Publikation zur Pfalz Tribur oder ein Buch?<br \/>\nA: Einzig brauchbar ist zur Zeit Michael Gockel &#8222;Die Bedeutung Treburs als Pfalzort&#8220; in Deutsche K\u00f6nigspfalzen Band III, Vandenhoeck und Ruprecht. Dieses ist jedoch teuer und richtet sich an Fachleser. Ich arbeite aber zur Zeit an einem m\u00f6glichen Buch<\/p>\n<p>Q: Wie kommt man dazu nach der Pfalz Trebur zu forschen?<br \/>\nA: Man ist komplett bekloppt!<\/p>\n","protected":false},"excerpt":{"rendered":"<p>Hier die mir h\u00e4ufigst gestellten Fragen zur Pfalz Tribur. Weitere Fragen \u00fcber den Kontakt an mich schicken! Q:Wo liegt den dieses Trebur, das mal Tribur hie\u00df? A:Trebur liegt in S\u00fcdhessen, dem hessischen Ried im&#46;&#46;&#46;<\/p>\n","protected":false},"author":2,"featured_media":0,"parent":752,"menu_order":2,"comment_status":"open","ping_status":"open","template":"","meta":{"jetpack_post_was_ever_published":false,"footnotes":""},"class_list":["post-14797","page","type-page","status-publish","hentry"],"yoast_head":"<!-- This site is optimized with the Yoast SEO plugin v27.4 - https:\/\/yoast.com\/product\/yoast-seo-wordpress\/ -->\n<title>FAQ zur Pfalz Tribur - Tribur.de<\/title>\n<meta name=\"robots\" content=\"index, follow, max-snippet:-1, max-image-preview:large, max-video-preview:-1\" \/>\n<link rel=\"canonical\" href=\"https:\/\/www.tribur.de\/blog\/die-pfalz-tribur\/faq-zur-pfalz-tribur\/\" \/>\n<meta property=\"og:locale\" content=\"de_DE\" \/>\n<meta property=\"og:type\" content=\"article\" \/>\n<meta property=\"og:title\" content=\"FAQ zur Pfalz Tribur - Tribur.de\" \/>\n<meta property=\"og:description\" content=\"Hier die mir h\u00e4ufigst gestellten Fragen zur Pfalz Tribur. Weitere Fragen \u00fcber den Kontakt an mich schicken! Q:Wo liegt den dieses Trebur, das mal Tribur hie\u00df? A:Trebur liegt in S\u00fcdhessen, dem hessischen Ried im&#046;&#046;&#046;\" \/>\n<meta property=\"og:url\" content=\"https:\/\/www.tribur.de\/blog\/die-pfalz-tribur\/faq-zur-pfalz-tribur\/\" \/>\n<meta property=\"og:site_name\" content=\"Tribur.de\" \/>\n<meta property=\"article:publisher\" content=\"http:\/\/www.facebook.com\/pages\/Triburde\/184352328288771\" \/>\n<meta property=\"article:modified_time\" content=\"2012-07-05T20:08:04+00:00\" \/>\n<meta property=\"og:image\" content=\"https:\/\/i0.wp.com\/www.tribur.de\/blog\/wp-content\/uploads\/2018\/09\/cropped-logotest-2.jpg?fit=200%2C200&ssl=1\" \/>\n\t<meta property=\"og:image:width\" content=\"200\" \/>\n\t<meta property=\"og:image:height\" content=\"200\" \/>\n\t<meta property=\"og:image:type\" content=\"image\/jpeg\" \/>\n<meta name=\"twitter:card\" content=\"summary_large_image\" \/>\n<meta name=\"twitter:site\" content=\"@tribur\" \/>\n<meta name=\"twitter:label1\" content=\"Gesch\u00e4tzte Lesezeit\" \/>\n\t<meta name=\"twitter:data1\" content=\"1\u00a0Minute\" \/>\n<script type=\"application\/ld+json\" class=\"yoast-schema-graph\">{\"@context\":\"https:\\\/\\\/schema.org\",\"@graph\":[{\"@type\":\"WebPage\",\"@id\":\"https:\\\/\\\/www.tribur.de\\\/blog\\\/die-pfalz-tribur\\\/faq-zur-pfalz-tribur\\\/\",\"url\":\"https:\\\/\\\/www.tribur.de\\\/blog\\\/die-pfalz-tribur\\\/faq-zur-pfalz-tribur\\\/\",\"name\":\"FAQ zur Pfalz Tribur - Tribur.de\",\"isPartOf\":{\"@id\":\"https:\\\/\\\/www.tribur.de\\\/blog\\\/#website\"},\"datePublished\":\"2011-05-26T13:19:54+00:00\",\"dateModified\":\"2012-07-05T20:08:04+00:00\",\"breadcrumb\":{\"@id\":\"https:\\\/\\\/www.tribur.de\\\/blog\\\/die-pfalz-tribur\\\/faq-zur-pfalz-tribur\\\/#breadcrumb\"},\"inLanguage\":\"de\",\"potentialAction\":[{\"@type\":\"ReadAction\",\"target\":[\"https:\\\/\\\/www.tribur.de\\\/blog\\\/die-pfalz-tribur\\\/faq-zur-pfalz-tribur\\\/\"]}]},{\"@type\":\"BreadcrumbList\",\"@id\":\"https:\\\/\\\/www.tribur.de\\\/blog\\\/die-pfalz-tribur\\\/faq-zur-pfalz-tribur\\\/#breadcrumb\",\"itemListElement\":[{\"@type\":\"ListItem\",\"position\":1,\"name\":\"Home\",\"item\":\"https:\\\/\\\/www.tribur.de\\\/blog\\\/\"},{\"@type\":\"ListItem\",\"position\":2,\"name\":\"Die Pfalz Tribur\",\"item\":\"https:\\\/\\\/www.tribur.de\\\/blog\\\/die-pfalz-tribur\\\/\"},{\"@type\":\"ListItem\",\"position\":3,\"name\":\"FAQ zur Pfalz Tribur\"}]},{\"@type\":\"WebSite\",\"@id\":\"https:\\\/\\\/www.tribur.de\\\/blog\\\/#website\",\"url\":\"https:\\\/\\\/www.tribur.de\\\/blog\\\/\",\"name\":\"Tribur.de\",\"description\":\"Tribur.de - Geschichte und so Zeugs\",\"publisher\":{\"@id\":\"https:\\\/\\\/www.tribur.de\\\/blog\\\/#\\\/schema\\\/person\\\/3119997f09f43791809c2d1af27bba6c\"},\"potentialAction\":[{\"@type\":\"SearchAction\",\"target\":{\"@type\":\"EntryPoint\",\"urlTemplate\":\"https:\\\/\\\/www.tribur.de\\\/blog\\\/?s={search_term_string}\"},\"query-input\":{\"@type\":\"PropertyValueSpecification\",\"valueRequired\":true,\"valueName\":\"search_term_string\"}}],\"inLanguage\":\"de\"},{\"@type\":[\"Person\",\"Organization\"],\"@id\":\"https:\\\/\\\/www.tribur.de\\\/blog\\\/#\\\/schema\\\/person\\\/3119997f09f43791809c2d1af27bba6c\",\"name\":\"Markus Zwittmeier\",\"image\":{\"@type\":\"ImageObject\",\"inLanguage\":\"de\",\"@id\":\"https:\\\/\\\/i0.wp.com\\\/www.tribur.de\\\/blog\\\/wp-content\\\/uploads\\\/2018\\\/09\\\/cropped-logotest-4.jpg?fit=200%2C200&ssl=1\",\"url\":\"https:\\\/\\\/i0.wp.com\\\/www.tribur.de\\\/blog\\\/wp-content\\\/uploads\\\/2018\\\/09\\\/cropped-logotest-4.jpg?fit=200%2C200&ssl=1\",\"contentUrl\":\"https:\\\/\\\/i0.wp.com\\\/www.tribur.de\\\/blog\\\/wp-content\\\/uploads\\\/2018\\\/09\\\/cropped-logotest-4.jpg?fit=200%2C200&ssl=1\",\"width\":200,\"height\":200,\"caption\":\"Markus Zwittmeier\"},\"logo\":{\"@id\":\"https:\\\/\\\/i0.wp.com\\\/www.tribur.de\\\/blog\\\/wp-content\\\/uploads\\\/2018\\\/09\\\/cropped-logotest-4.jpg?fit=200%2C200&ssl=1\"},\"sameAs\":[\"http:\\\/\\\/www.Tribur.de\",\"http:\\\/\\\/www.facebook.com\\\/pages\\\/Triburde\\\/184352328288771\",\"https:\\\/\\\/www.instagram.com\\\/tribur.de\\\/\",\"https:\\\/\\\/x.com\\\/https:\\\/\\\/twitter.com\\\/tribur\",\"https:\\\/\\\/www.youtube.com\\\/channel\\\/UCnEonou-x6_P4XPjBk2htCA\"]}]}<\/script>\n<!-- \/ Yoast SEO plugin. -->","yoast_head_json":{"title":"FAQ zur Pfalz Tribur - Tribur.de","robots":{"index":"index","follow":"follow","max-snippet":"max-snippet:-1","max-image-preview":"max-image-preview:large","max-video-preview":"max-video-preview:-1"},"canonical":"https:\/\/www.tribur.de\/blog\/die-pfalz-tribur\/faq-zur-pfalz-tribur\/","og_locale":"de_DE","og_type":"article","og_title":"FAQ zur Pfalz Tribur - Tribur.de","og_description":"Hier die mir h\u00e4ufigst gestellten Fragen zur Pfalz Tribur. Weitere Fragen \u00fcber den Kontakt an mich schicken! Q:Wo liegt den dieses Trebur, das mal Tribur hie\u00df? A:Trebur liegt in S\u00fcdhessen, dem hessischen Ried im&#46;&#46;&#46;","og_url":"https:\/\/www.tribur.de\/blog\/die-pfalz-tribur\/faq-zur-pfalz-tribur\/","og_site_name":"Tribur.de","article_publisher":"http:\/\/www.facebook.com\/pages\/Triburde\/184352328288771","article_modified_time":"2012-07-05T20:08:04+00:00","og_image":[{"width":200,"height":200,"url":"https:\/\/i0.wp.com\/www.tribur.de\/blog\/wp-content\/uploads\/2018\/09\/cropped-logotest-2.jpg?fit=200%2C200&ssl=1","type":"image\/jpeg"}],"twitter_card":"summary_large_image","twitter_site":"@tribur","twitter_misc":{"Gesch\u00e4tzte Lesezeit":"1\u00a0Minute"},"schema":{"@context":"https:\/\/schema.org","@graph":[{"@type":"WebPage","@id":"https:\/\/www.tribur.de\/blog\/die-pfalz-tribur\/faq-zur-pfalz-tribur\/","url":"https:\/\/www.tribur.de\/blog\/die-pfalz-tribur\/faq-zur-pfalz-tribur\/","name":"FAQ zur Pfalz Tribur - Tribur.de","isPartOf":{"@id":"https:\/\/www.tribur.de\/blog\/#website"},"datePublished":"2011-05-26T13:19:54+00:00","dateModified":"2012-07-05T20:08:04+00:00","breadcrumb":{"@id":"https:\/\/www.tribur.de\/blog\/die-pfalz-tribur\/faq-zur-pfalz-tribur\/#breadcrumb"},"inLanguage":"de","potentialAction":[{"@type":"ReadAction","target":["https:\/\/www.tribur.de\/blog\/die-pfalz-tribur\/faq-zur-pfalz-tribur\/"]}]},{"@type":"BreadcrumbList","@id":"https:\/\/www.tribur.de\/blog\/die-pfalz-tribur\/faq-zur-pfalz-tribur\/#breadcrumb","itemListElement":[{"@type":"ListItem","position":1,"name":"Home","item":"https:\/\/www.tribur.de\/blog\/"},{"@type":"ListItem","position":2,"name":"Die Pfalz Tribur","item":"https:\/\/www.tribur.de\/blog\/die-pfalz-tribur\/"},{"@type":"ListItem","position":3,"name":"FAQ zur Pfalz Tribur"}]},{"@type":"WebSite","@id":"https:\/\/www.tribur.de\/blog\/#website","url":"https:\/\/www.tribur.de\/blog\/","name":"Tribur.de","description":"Tribur.de - Geschichte und so Zeugs","publisher":{"@id":"https:\/\/www.tribur.de\/blog\/#\/schema\/person\/3119997f09f43791809c2d1af27bba6c"},"potentialAction":[{"@type":"SearchAction","target":{"@type":"EntryPoint","urlTemplate":"https:\/\/www.tribur.de\/blog\/?s={search_term_string}"},"query-input":{"@type":"PropertyValueSpecification","valueRequired":true,"valueName":"search_term_string"}}],"inLanguage":"de"},{"@type":["Person","Organization"],"@id":"https:\/\/www.tribur.de\/blog\/#\/schema\/person\/3119997f09f43791809c2d1af27bba6c","name":"Markus Zwittmeier","image":{"@type":"ImageObject","inLanguage":"de","@id":"https:\/\/i0.wp.com\/www.tribur.de\/blog\/wp-content\/uploads\/2018\/09\/cropped-logotest-4.jpg?fit=200%2C200&ssl=1","url":"https:\/\/i0.wp.com\/www.tribur.de\/blog\/wp-content\/uploads\/2018\/09\/cropped-logotest-4.jpg?fit=200%2C200&ssl=1","contentUrl":"https:\/\/i0.wp.com\/www.tribur.de\/blog\/wp-content\/uploads\/2018\/09\/cropped-logotest-4.jpg?fit=200%2C200&ssl=1","width":200,"height":200,"caption":"Markus Zwittmeier"},"logo":{"@id":"https:\/\/i0.wp.com\/www.tribur.de\/blog\/wp-content\/uploads\/2018\/09\/cropped-logotest-4.jpg?fit=200%2C200&ssl=1"},"sameAs":["http:\/\/www.Tribur.de","http:\/\/www.facebook.com\/pages\/Triburde\/184352328288771","https:\/\/www.instagram.com\/tribur.de\/","https:\/\/x.com\/https:\/\/twitter.com\/tribur","https:\/\/www.youtube.com\/channel\/UCnEonou-x6_P4XPjBk2htCA"]}]}},"jetpack_shortlink":"https:\/\/wp.me\/P1mHPu-3QF","jetpack_sharing_enabled":true,"_links":{"self":[{"href":"https:\/\/www.tribur.de\/blog\/wp-json\/wp\/v2\/pages\/14797","targetHints":{"allow":["GET"]}}],"collection":[{"href":"https:\/\/www.tribur.de\/blog\/wp-json\/wp\/v2\/pages"}],"about":[{"href":"https:\/\/www.tribur.de\/blog\/wp-json\/wp\/v2\/types\/page"}],"author":[{"embeddable":true,"href":"https:\/\/www.tribur.de\/blog\/wp-json\/wp\/v2\/users\/2"}],"replies":[{"embeddable":true,"href":"https:\/\/www.tribur.de\/blog\/wp-json\/wp\/v2\/comments?post=14797"}],"version-history":[{"count":15,"href":"https:\/\/www.tribur.de\/blog\/wp-json\/wp\/v2\/pages\/14797\/revisions"}],"predecessor-version":[{"id":21267,"href":"https:\/\/www.tribur.de\/blog\/wp-json\/wp\/v2\/pages\/14797\/revisions\/21267"}],"up":[{"embeddable":true,"href":"https:\/\/www.tribur.de\/blog\/wp-json\/wp\/v2\/pages\/752"}],"wp:attachment":[{"href":"https:\/\/www.tribur.de\/blog\/wp-json\/wp\/v2\/media?parent=14797"}],"curies":[{"name":"wp","href":"https:\/\/api.w.org\/{rel}","templated":true}]}}